{"id":1667,"date":"2022-10-07T09:49:05","date_gmt":"2022-10-07T09:49:05","guid":{"rendered":"https:\/\/www.talenteamup.com\/?page_id=1667"},"modified":"2022-10-07T09:53:18","modified_gmt":"2022-10-07T09:53:18","slug":"aviso-legal","status":"publish","type":"page","link":"https:\/\/www.talenteamup.com\/es\/aviso-legal\/","title":{"rendered":"Aviso legal"},"content":{"rendered":"\n<div class=\"elementor-element elementor-element-72355bf elementor-widget elementor-widget-heading\" data-id=\"72355bf\" data-element_type=\"widget\" data-widget_type=\"heading.default\">\n<div class=\"elementor-widget-container\">\n<h2 class=\"elementor-heading-title elementor-size-default\">Aviso legal<\/h2>\n<\/div>\n<\/div>\n<div class=\"elementor-element elementor-element-be742e0 elementor-widget elementor-widget-text-editor\" data-id=\"be742e0\" data-element_type=\"widget\" data-widget_type=\"text-editor.default\">\n<div class=\"elementor-widget-container\">\n<h4>Titular de este sitio:<\/h4>\n<p>Susanna Miquel Becker (en adelante, TalenTeamUp!)<\/p>\n<p>Carrer Escrivanies Velles 9<br \/>43003 \u2013 Tarragona<\/p>\n<p>NIF: 39729603R<\/p>\n<p>e-mail:\u00a0<a href=\"mailto:susanna@talentup.cat\">susanna@talentup.cat<\/a><\/p>\n<p>La utilizaci\u00f3n del contenido y\/o servicios del portal por parte del usuario supone la aceptaci\u00f3n expresa de las siguientes condiciones:<\/p>\n<h4>Condiciones de uso del portal<\/h4>\n<p><b>TalenTeamUp!<\/b>\u00a0se reserva el derecho de efectuar modificaciones en el contenido de este portal sin previo aviso, as\u00ed como de su configuraci\u00f3n y presentaci\u00f3n. Este portal pu\u00a0<b>TalenTeamUp!<\/b>\u00a0 ede contener enlaces a p\u00e1ginas externas, no siendo responsable del contenido de dichas p\u00e1ginas externas ni de cualquier otro aspecto relacionado con las mismas.<\/p>\n<p>Los textos, im\u00e1genes, logotipos y resto de contenidos incluidos en este portal son propiedad de\u00a0<b>TalenTeamUp!<\/b>\u00a0Queda prohibida la transmisi\u00f3n, distribuci\u00f3n, reproducci\u00f3n o almacenamiento, total o parcial, excepto si se obtiene el previo consentimiento de\u00a0<b>TalenTeamUp!<\/b>, y salvo cuando se indique lo contrario.<\/p>\n<p>Para poder instalar o utilizar cualquier software que se encuentre disponible para su descarga desde este portal, deben aceptarse previamente los t\u00e9rminos del contrato de licencia, si lo hubiera, que acompa\u00f1e o se incluya en el software.\u00a0 No se hace responsable de los posibles da\u00f1os que se pudieran producir por el hecho de utilizar versiones no actualizadas de navegadores, o de las consecuencias que se pudieran derivar del mal funcionamiento del navegador, ya sea por configuraci\u00f3n inadecuada, presencia de virus inform\u00e1ticos o cualquier otra causa ajena a\u00a0<b>TalenTeamUp!<\/b><\/p>\n<h4>Protecci\u00f3n de datos de car\u00e1cter personal\u00a0<\/h4>\n<p>En cumplimiento de la Ley Org\u00e1nica 3\/2018, de 5 de diciembre, de Protecci\u00f3n de Datos Personales y garant\u00eda de los derechos digitales,\u00a0<b>TalenTeamUp!<\/b>\u00a0le informa que los datos de car\u00e1cter personal que nos proporcione al cumplimentar alg\u00fan formulario de inscripci\u00f3n, solicitud o consulta que aparezca en la presente Web, ser\u00e1n objeto de tratamiento y recogidos en un tratamiento de datos (denominado \u201cUSUARIOS WEB\u201d) cuyo responsable es\u00a0<b>TalenTeamUp!<\/b><\/p>\n<p>Para ejercer sus derechos de acceso, rectificaci\u00f3n, oposici\u00f3n, supresi\u00f3n, portabilidad y limitaci\u00f3n al tratamiento de sus datos personales, en los t\u00e9rminos y condiciones previstas en la propia normativa vigente en materia de protecci\u00f3n de datos, puede comunicarlo por escrito a\u00a0TalenTeamUp! Carrer\u00a0Escrivanies Velles 9, baixos\u00a043003 \u2013\u00a0 Tarragona<\/p>\n<p>La recogida de sus datos de car\u00e1cter personal se lleva a cabo con la finalidad principal de poder ofrecer y prestarle los servicios ofrecidos en la presente web.<\/p>\n<p><b>TalenTeamUp!<\/b>\u00a0har\u00e1 uso de los datos de car\u00e1cter personal facilitados por usted exclusivamente para las finalidades indicadas.<\/p>\n<p>No compartimos la informaci\u00f3n suministrada con terceros salvo exigencia legal o de procedimientos legales, y en ning\u00fan caso, vendemos este tipo de informaci\u00f3n.<\/p>\n<p><b>TalenTeamUp!<\/b>\u00a0le informa que tiene implantadas las medidas de seguridad de \u00edndole t\u00e9cnica y organizativas necesarias que garanticen la seguridad de sus datos de car\u00e1cter personal y eviten su alteraci\u00f3n, p\u00e9rdida, tratamiento y\/o acceso no autorizado, seg\u00fan lo dispuesto en la Ley Org\u00e1nica 3\/2018, de 5 de diciembre, de Protecci\u00f3n de Datos Personales y garant\u00eda de los derechos digitales.<\/p>\n<p>\u00a0<\/p>\n<h4>Legislaci\u00f3n aplicable y jurisdicci\u00f3n<\/h4>\n<p>\u00a0<\/p>\n<p>Este Aviso Legal se rige en todos y cada uno de sus extremos por la ley espa\u00f1ola, siendo competentes para la resoluci\u00f3n de cualquier conflicto derivado o relacionado con el uso de este portal los Juzgados y Tribunales de Catalu\u00f1a.<\/p>\n<\/div>\n<\/div>\n\n","protected":false},"excerpt":{"rendered":"","protected":false},"author":3,"featured_media":0,"parent":0,"menu_order":0,"comment_status":"closed","ping_status":"closed","template":"","meta":{"footnotes":""},"class_list":["post-1667","page","type-page","status-publish","hentry"],"_links":{"self":[{"href":"https:\/\/www.talenteamup.com\/es\/wp-json\/wp\/v2\/pages\/1667","targetHints":{"allow":["GET"]}}],"collection":[{"href":"https:\/\/www.talenteamup.com\/es\/wp-json\/wp\/v2\/pages"}],"about":[{"href":"https:\/\/www.talenteamup.com\/es\/wp-json\/wp\/v2\/types\/page"}],"author":[{"embeddable":true,"href":"https:\/\/www.talenteamup.com\/es\/wp-json\/wp\/v2\/users\/3"}],"replies":[{"embeddable":true,"href":"https:\/\/www.talenteamup.com\/es\/wp-json\/wp\/v2\/comments?post=1667"}],"version-history":[{"count":3,"href":"https:\/\/www.talenteamup.com\/es\/wp-json\/wp\/v2\/pages\/1667\/revisions"}],"predecessor-version":[{"id":1670,"href":"https:\/\/www.talenteamup.com\/es\/wp-json\/wp\/v2\/pages\/1667\/revisions\/1670"}],"wp:attachment":[{"href":"https:\/\/www.talenteamup.com\/es\/wp-json\/wp\/v2\/media?parent=1667"}],"curies":[{"name":"wp","href":"https:\/\/api.w.org\/{rel}","templated":true}]}}