{"id":1642,"date":"2022-10-04T08:44:47","date_gmt":"2022-10-04T08:44:47","guid":{"rendered":"https:\/\/www.talenteamup.com\/?page_id=1642"},"modified":"2022-10-04T08:49:13","modified_gmt":"2022-10-04T08:49:13","slug":"educacion","status":"publish","type":"page","link":"https:\/\/www.talenteamup.com\/es\/educacion\/","title":{"rendered":"Educaci\u00f3n"},"content":{"rendered":"\n<div class=\"container section-title-container\" ><h2 class=\"section-title section-title-center\"><b><\/b><span class=\"section-title-main\" style=\"font-size:150%;color:rgb(71, 163, 209);\">EDUCACI\u00d3N<\/span><b><\/b><\/h2><\/div>\n\n<div class=\"row align-center\"  id=\"row-1716911938\">\n\n\n\t<div id=\"col-212888358\" class=\"col medium-10 small-12 large-10\"  >\n\t\t\t\t<div class=\"col-inner text-center\"  >\n\t\t\t\n\t\t\t\n\n\t<div id=\"text-2057949787\" class=\"text\">\n\t\t\n\n<h2 class=\"sow-headline\" style=\"text-align: center;\">\u00abYo no ense\u00f1o a mis alumnos, s\u00f3lo los proporciono las condiciones en las que puedan aprender\u00bb<\/h2>\n<h4 class=\"sow-sub-headline\"><span style=\"color: #282828;\">Albert Einstein<\/span><\/h4>\n\t\t\n<style>\n#text-2057949787 {\n  text-align: center;\n}\n<\/style>\n\t<\/div>\n\t\n\n\t\t<\/div>\n\t\t\t\t\t<\/div>\n\n\t\n\n\t<div id=\"col-1425305650\" class=\"col medium-5 small-12 large-5\"  >\n\t\t\t\t<div class=\"col-inner\"  >\n\t\t\t\n\t\t\t\n\n\t<div class=\"img has-hover x md-x lg-x y md-y lg-y\" id=\"image_245275613\">\n\t\t\t\t\t\t\t\t<div class=\"img-inner dark\" >\n\t\t\t<img loading=\"lazy\" decoding=\"async\" width=\"322\" height=\"397\" src=\"https:\/\/www.talenteamup.com\/wp-content\/uploads\/2016\/05\/Foto-ensenyanca.png\" class=\"attachment-large size-large\" alt=\"\" srcset=\"https:\/\/www.talenteamup.com\/wp-content\/uploads\/2016\/05\/Foto-ensenyanca.png 322w, https:\/\/www.talenteamup.com\/wp-content\/uploads\/2016\/05\/Foto-ensenyanca-243x300.png 243w\" sizes=\"auto, (max-width: 322px) 100vw, 322px\" \/>\t\t\t\t\t\t\n\t\t\t\t\t<\/div>\n\t\t\t\t\t\t\t\t\n<style>\n#image_245275613 {\n  width: 100%;\n}\n<\/style>\n\t<\/div>\n\t\n\n\n\t\t<\/div>\n\t\t\t\t\t<\/div>\n\n\t\n\n\t<div id=\"col-659694579\" class=\"col medium-7 small-12 large-7\"  >\n\t\t\t\t<div class=\"col-inner\"  >\n\t\t\t\n\t\t\t\n\n<blockquote>\n<p>El Programa TalenTeamUp tiene como objetivo aprovechar el potencial tanto de profesores como de estudiantes a trav\u00e9s de un enfoque educativo basado en fortalezas.<\/p>\n<\/blockquote>\n<p><strong>Ayudamos a los educadores apoyar el potencial de cada estudiante mediante la identificaci\u00f3n, el desarrollo y la aplicaci\u00f3n de los talentos del alumno en su vida acad\u00e9mica.<\/strong><\/p>\n<p>El punto de partida es un pensamiento donde todo estudiante tiene potencial, quiere aprender, es capaz de alcanzar los objetivos que se le piden y puede contribuir de forma positiva en el entorno.<\/p>\n<p>Para introducir un enfoque educativo basado en fortalezas ofrecemos una serie de herramientas para la motivaci\u00f3n de los alumnos.<\/p>\n<p>Los educadores implicados ser\u00e1n capaces, despu\u00e9s de un proceso de formaci\u00f3n impl\u00edcito en el programa, de utilizar estas herramientas en sus aulas para lograr la motivaci\u00f3n del alumno en verso a un prop\u00f3sito.<\/p>\n\n\t\t<\/div>\n\t\t\t\t\t<\/div>\n\n\t\n\n\t<div id=\"col-29148538\" class=\"col small-12 large-12\"  >\n\t\t\t\t<div class=\"col-inner\"  >\n\t\t\t\n\t\t\t\n\n<p>El modelo educativo basado en fortalezas conlleva a dem\u00e1s una serie de efectos:<\/p>\n<ul>\n<li>Compromiso emocional e implicaci\u00f3n del alumno con el centro.<\/li>\n<li>Ilusi\u00f3n y perspectiva de futuro.<\/li>\n<li>Mejora en el rendimiento acad\u00e9mico.<\/li>\n<li>Incidencia positiva en el bienestar del alumno.<\/li>\n<li>En \u00faltima instancia con un enfoque basado en fortalezas, tanto profesores como alumnos se encuentran m\u00e1s comprometidos, confiados y optimistas, dirigi\u00e9ndose en verso a la excelencia en la escuela y el \u00e9xito general en la vida.<\/li>\n<\/ul>\n\n\t\t<\/div>\n\t\t\t\t\t<\/div>\n\n\t\n\n<\/div>\n\n","protected":false},"excerpt":{"rendered":"","protected":false},"author":3,"featured_media":0,"parent":0,"menu_order":0,"comment_status":"closed","ping_status":"closed","template":"","meta":{"footnotes":""},"class_list":["post-1642","page","type-page","status-publish","hentry"],"_links":{"self":[{"href":"https:\/\/www.talenteamup.com\/es\/wp-json\/wp\/v2\/pages\/1642","targetHints":{"allow":["GET"]}}],"collection":[{"href":"https:\/\/www.talenteamup.com\/es\/wp-json\/wp\/v2\/pages"}],"about":[{"href":"https:\/\/www.talenteamup.com\/es\/wp-json\/wp\/v2\/types\/page"}],"author":[{"embeddable":true,"href":"https:\/\/www.talenteamup.com\/es\/wp-json\/wp\/v2\/users\/3"}],"replies":[{"embeddable":true,"href":"https:\/\/www.talenteamup.com\/es\/wp-json\/wp\/v2\/comments?post=1642"}],"version-history":[{"count":3,"href":"https:\/\/www.talenteamup.com\/es\/wp-json\/wp\/v2\/pages\/1642\/revisions"}],"predecessor-version":[{"id":1645,"href":"https:\/\/www.talenteamup.com\/es\/wp-json\/wp\/v2\/pages\/1642\/revisions\/1645"}],"wp:attachment":[{"href":"https:\/\/www.talenteamup.com\/es\/wp-json\/wp\/v2\/media?parent=1642"}],"curies":[{"name":"wp","href":"https:\/\/api.w.org\/{rel}","templated":true}]}}