{"id":1594,"date":"2022-10-03T15:23:28","date_gmt":"2022-10-03T15:23:28","guid":{"rendered":"https:\/\/www.talenteamup.com\/?page_id=1594"},"modified":"2022-10-12T22:38:02","modified_gmt":"2022-10-12T22:38:02","slug":"talentos","status":"publish","type":"page","link":"https:\/\/www.talenteamup.com\/es\/talentos\/","title":{"rendered":"Talentos"},"content":{"rendered":"\n<div class=\"container section-title-container\" ><h2 class=\"section-title section-title-center\"><b><\/b><span class=\"section-title-main\" style=\"font-size:150%;color:rgb(71, 163, 209);\">LOS TALENTOS<\/span><b><\/b><\/h2><\/div>\n\n<p class=\"sow-headline\">\n<span class=\"scroll-to\" data-label=\"Scroll to: #achiever\" data-bullet=\"true\" data-link=\"#achiever\" data-title=\"achiever\"><a name=\"achiever\"><\/a><\/span>\n\n<p>\u00a0<\/p>\n<h2 class=\"sow-headline\"><span style=\"color: #47a3d1;\">Achiever<\/span><\/h2>\n<p>Gente con un talento fuerte en <em>Achiever<\/em> tienen una gran cantidad de energ\u00eda y trabajan duro. Obtienen una gran satisfacci\u00f3n al estar ocupados y ser productivos. Tienen una sed insaciable de hacer m\u00e1s, alcanzar objetivos.<\/p>\n<p>\u00a0<\/p>\n\n<span class=\"scroll-to\" data-label=\"Scroll to: #activator\" data-bullet=\"true\" data-link=\"#activator\" data-title=\"activator\"><a name=\"activator\"><\/a><\/span>\n\n<p>\u00a0<\/p>\n<h2 class=\"sow-headline\"><span style=\"color: #47a3d1;\">Activator<\/span><\/h2>\n<p>Gente con un talento fuerte en <em>Activator<\/em> pueden hacer que las cosas sucedan, transformando los pensamientos en acci\u00f3n. Una vez una decisi\u00f3n est\u00e1 tomada act\u00faan con rapidez.<\/p>\n<h4 class=\"sow-sub-headline\">\u00a0<\/h4>\n\n<span class=\"scroll-to\" data-label=\"Scroll to: #adaptability\" data-bullet=\"true\" data-link=\"#adaptability\" data-title=\"adaptability\"><a name=\"adaptability\"><\/a><\/span>\n\n<p>\u00a0<\/p>\n<h2 class=\"sow-headline\"><span style=\"color: #47a3d1;\">Adaptability<\/span><\/h2>\n<p>Gente con un talento fuerte en <em>Adaptability<\/em> prefieren seguir\u00a0la corriente. Van descubriendo su futuro con cada opci\u00f3n que se presenta en el d\u00eda a d\u00eda y no les molesta que se les soliciten tareas de forma s\u00fabita. Tienden a ser gente del \u00abahora\u00bb. Se adaptan con facilidad.<\/p>\n<h4 class=\"sow-sub-headline\">\u00a0<\/h4>\n\n<span class=\"scroll-to\" data-label=\"Scroll to: #analytical\" data-bullet=\"true\" data-link=\"#analytical\" data-title=\"analytical\"><a name=\"analytical\"><\/a><\/span>\n\n<p>\u00a0<\/p>\n<h2 class=\"sow-headline\"><span style=\"color: #47a3d1;\">Analytical<\/span><\/h2>\n<p>Gente con un talento fuerte en <em>Analytical<\/em> buscan las razones y las causas. Tienen la habilidad de pensar en todos los factores que pueden afectar a una situaci\u00f3n.<\/p>\n<h4 class=\"sow-sub-headline\">\u00a0<\/h4>\n<span class=\"scroll-to\" data-label=\"Scroll to: #arranger\" data-bullet=\"true\" data-link=\"#arranger\" data-title=\"arranger\"><a name=\"arranger\"><\/a><\/span>\n\n<p>\u00a0<\/p>\n<h2 class=\"sow-headline\"><span style=\"color: #47a3d1;\">Arranger<\/span><\/h2>\n<p>Gente con un talento fuerte en <em>Arranger<\/em> saben organizar, pero tienen tambi\u00e9n una flexibilidad que complementa su habilidad. Calculan cu\u00e1l es la mejor manera de que se hagan las cosas. Les gusta descifrar como todas las piezas y recursos pueden ser organizados para una m\u00e1xima productividad.<\/p>\n<h4 class=\"sow-sub-headline\">\u00a0<\/h4>\n<span class=\"scroll-to\" data-label=\"Scroll to: #belief\" data-bullet=\"true\" data-link=\"#belief\" data-title=\"belief\"><a name=\"belief\"><\/a><\/span>\n\n<p>\u00a0<\/p>\n<h2 class=\"sow-headline\"><span style=\"color: #47a3d1;\">Belief<\/span><\/h2>\n<p>Gente con un talento fuerte en <em>Belief<\/em> tienen ciertos valores fundamentales que son intocables. En base a estos valores emerge un prop\u00f3sito definido para su vida.<\/p>\n<h4 class=\"sow-sub-headline\">\u00a0<\/h4>\n<span class=\"scroll-to\" data-label=\"Scroll to: #command\" data-bullet=\"true\" data-link=\"#command\" data-title=\"command\"><a name=\"command\"><\/a><\/span>\n\n<p>\u00a0<\/p>\n<h2 class=\"sow-headline\"><span style=\"color: #47a3d1;\">Command<\/span><\/h2>\n<p>Gente con un talento fuerte en <em>Command<\/em> tienen presencia. Saben controlar una situaci\u00f3n y tomar decisiones. Si fijan una meta no descansan hasta tener a la gente comprometida en ella. No temen el enfrentamiento.<\/p>\n<h4 class=\"sow-sub-headline\">\u00a0<\/h4>\n<span class=\"scroll-to\" data-label=\"Scroll to: #communication\" data-bullet=\"true\" data-link=\"#communication\" data-title=\"communication\"><a name=\"communication\"><\/a><\/span>\n\n<p>\u00a0<\/p>\n<h2 class=\"sow-headline\"><span style=\"color: #47a3d1;\">Communication<\/span><\/h2>\n<p>Gente con un talento fuerte en <em>Communication<\/em> les es f\u00e1cil poner sus pensamientos en palabras. Les gusta dar explicaciones, ser anfitriones y hablar en p\u00fablico. Convierten los sucesos en historias excitantes. Son buenos conversadores y presentadores.<\/p>\n<h4 class=\"sow-sub-headline\">\u00a0<\/h4>\n<span class=\"scroll-to\" data-label=\"Scroll to: #competition\" data-bullet=\"true\" data-link=\"#competition\" data-title=\"competition\"><a name=\"competition\"><\/a><\/span>\n\n<p>\u00a0<\/p>\n<h2 class=\"sow-headline\"><span style=\"color: #47a3d1;\">Competition<\/span><\/h2>\n<p>Gente con un talento fuerte en <em>Competition<\/em> miden su progreso en funci\u00f3n del cumplimiento de los dem\u00e1s. Aspiran a ganar el primer lugar y disfrutan de los concursos.<\/p>\n<h4 class=\"sow-sub-headline\">\u00a0<\/h4>\n<span class=\"scroll-to\" data-label=\"Scroll to: #connectedness\" data-bullet=\"true\" data-link=\"#connectedness\" data-title=\"connectedness\"><a name=\"connectedness\"><\/a><\/span>\n\n<p>\u00a0<\/p>\n<h2 class=\"sow-headline\"><span style=\"color: #47a3d1;\">Connectedness<\/span><\/h2>\n<p>Gente con un talento fuerte en <em>Connectedness<\/em> piensan que las cosas suceden por alguna raz\u00f3n. Todos somos parte de un todo y no tenemos que hacer da\u00f1o a nada ni a nadie dado que repercutir\u00e1 en nosotros mismos. Tienen fe en la conexi\u00f3n entre las cosas.<\/p>\n<h4 class=\"sow-sub-headline\">\u00a0<\/h4>\n<span class=\"scroll-to\" data-label=\"Scroll to: #consistency\" data-bullet=\"true\" data-link=\"#consistency\" data-title=\"consistency\"><a name=\"consistency\"><\/a><\/span>\n\n<p>\u00a0<\/p>\n<h2 class=\"sow-headline\"><span style=\"color: #47a3d1;\">Consistency<\/span><\/h2>\n<p>Gente con un talento fuerte en <em>Consistency<\/em> son muy conscientes de tratar a la gente por igual. Intentan tratar a todo el mundo con equidad asentando unas expectativas o reglas claras a las que adherirse.<\/p>\n<h4 class=\"sow-sub-headline\">\u00a0<\/h4>\n<span class=\"scroll-to\" data-label=\"Scroll to: #context\" data-bullet=\"true\" data-link=\"#context\" data-title=\"context\"><a name=\"context\"><\/a><\/span>\n\n<p>\u00a0<\/p>\n<h2 class=\"sow-headline\"><span style=\"color: #47a3d1;\">Context<\/span><\/h2>\n<p>Gente con un talento fuerte en <em>Context<\/em>\u00a0miran el pasado para comprender el presente y predecir el futuro. Desean saber el origen de todo.<\/p>\n<h4 class=\"sow-sub-headline\">\u00a0<\/h4>\n<span class=\"scroll-to\" data-label=\"Scroll to: #deliberative\" data-bullet=\"true\" data-link=\"#deliberative\" data-title=\"deliberative\"><a name=\"deliberative\"><\/a><\/span>\n\n<p>\u00a0<\/p>\n<h2 class=\"sow-headline\"><span style=\"color: #47a3d1;\">Deliberative<\/span><\/h2>\n<p>Gente con un talento fuerte en <em>Deliberative<\/em> se describen por la seria cuidado que tienen en la toma de decisiones. Anticipan los obst\u00e1culos.<\/p>\n<h4 class=\"sow-sub-headline\">\u00a0<\/h4>\n<span class=\"scroll-to\" data-label=\"Scroll to: #developer\" data-bullet=\"true\" data-link=\"#developer\" data-title=\"developer\"><a name=\"developer\"><\/a><\/span>\n\n<p>\u00a0<\/p>\n<h2 class=\"sow-headline\"><span style=\"color: #47a3d1;\">Developer<\/span><\/h2>\n<p>Gente con un talento fuerte en <em>Developer<\/em> reconocen y cultivan el potencial en los dem\u00e1s. Vislumbran cada peque\u00f1a se\u00f1al de mejora y obtienen una gran satisfacci\u00f3n de las muestras de crecimiento en las personas.<\/p>\n<h4 class=\"sow-sub-headline\">\u00a0<\/h4>\n<span class=\"scroll-to\" data-label=\"Scroll to: #discipline\" data-bullet=\"true\" data-link=\"#discipline\" data-title=\"discipline\"><a name=\"discipline\"><\/a><\/span>\n\n<p>\u00a0<\/p>\n<h2 class=\"sow-headline\"><span style=\"color: #47a3d1;\">Discipline<\/span><\/h2>\n<p>Gente con un talento fuerte en <em>Discipline<\/em> necesitan un mundo predecible, ordenado y planificado. Gozan de la rutina y la estructura.<\/p>\n<h4 class=\"sow-sub-headline\">\u00a0<\/h4>\n<span class=\"scroll-to\" data-label=\"Scroll to: #empathy\" data-bullet=\"true\" data-link=\"#empathy\" data-title=\"empathy\"><a name=\"empathy\"><\/a><\/span>\n\n<p>\u00a0<\/p>\n<h2 class=\"sow-headline\"><span style=\"color: #47a3d1;\">Empathy<\/span><\/h2>\n<p>Gente con un talento fuerte en <em>Empathy<\/em> pueden notar los sentimientos de otras personas imagin\u00e1ndose a s\u00ed mismos en su situaci\u00f3n. Ven el mundo a trav\u00e9s de los dem\u00e1s, comparten sus vivencias, perspectivas, etc. Sienten las emociones de aquellos que los rodean.<\/p>\n<h4 class=\"sow-sub-headline\">\u00a0<\/h4>\n<span class=\"scroll-to\" data-label=\"Scroll to: #focus\" data-bullet=\"true\" data-link=\"#focus\" data-title=\"focus\"><a name=\"focus\"><\/a><\/span>\n\n<p>\u00a0<\/p>\n<h2 class=\"sow-headline\"><span style=\"color: #47a3d1;\">Focus<\/span><\/h2>\n<p>Gente con un talento fuerte en <em>Focus<\/em> se fijan objetivos constantemente para saber hacia d\u00f3nde dirigirse. Toman una direcci\u00f3n, la siguen y hacen las correcciones necesarias para mantener el rumbo hacia el objetivo planteado. Priorizan, luego act\u00faan.<\/p>\n<h4 class=\"sow-sub-headline\">\u00a0<\/h4>\n<span class=\"scroll-to\" data-label=\"Scroll to: #futuristic\" data-bullet=\"true\" data-link=\"#futuristic\" data-title=\"futuristic\"><a name=\"futuristic\"><\/a><\/span>\n\n<p>\u00a0<\/p>\n<h2 class=\"sow-headline\"><span style=\"color: #47a3d1;\">Futuristic<\/span><\/h2>\n<p>Gente con un talento fuerte en <em>Futuristic<\/em> miran hacia el horizonte, los inspira el futuro y lo que podr\u00eda llegar a ser. Inspiran a los dem\u00e1s con sus visiones del futuro.<\/p>\n<h4 class=\"sow-sub-headline\">\u00a0<\/h4>\n<span class=\"scroll-to\" data-label=\"Scroll to: #harmony\" data-bullet=\"true\" data-link=\"#harmony\" data-title=\"harmony\"><a name=\"harmony\"><\/a><\/span>\n\n<p>\u00a0<\/p>\n<h2 class=\"sow-headline\"><span style=\"color: #47a3d1;\">Harmony<\/span><\/h2>\n<p>Gente con un talento fuerte en <em>Harmony <\/em>buscan el consenso. No les gusta el conflicto, disuaden para evitar la confrontaci\u00f3n. Buscan \u00e1reas de com\u00fan acuerdo.<\/p>\n<h4 class=\"sow-sub-headline\">\u00a0<\/h4>\n<span class=\"scroll-to\" data-label=\"Scroll to: #ideation\" data-bullet=\"true\" data-link=\"#ideation\" data-title=\"ideation\"><a name=\"ideation\"><\/a><\/span>\n\n<p>\u00a0<\/p>\n<h2 class=\"sow-headline\"><span style=\"color: #47a3d1;\">Ideation<\/span><\/h2>\n<p>Gente con un talento fuerte en <em>Ideation<\/em> est\u00e1n fascinados por las ideas. Son capaces de encontrar conexiones entre fen\u00f3menos aparentemente dispares. Gozan de darle una vuelta al mundo tal y como se le conoce.<\/p>\n<h4 class=\"sow-sub-headline\">\u00a0<\/h4>\n<span class=\"scroll-to\" data-label=\"Scroll to: #includer\" data-bullet=\"true\" data-link=\"#includer\" data-title=\"includer\"><a name=\"includer\"><\/a><\/span>\n\n<p>\u00a0<\/p>\n<h2 class=\"sow-headline\"><span style=\"color: #47a3d1;\">Includer<\/span><\/h2>\n<p>Gente con un talento fuerte en <em>Includer<\/em> aceptan a los dem\u00e1s y tienden a emitir pocos juicios. Les gusta incluir a todas las personas y hacerlos parte del grupo. Se muestran conscientes de aquellos que est\u00e1n excluidos y se sienten satisfechos haci\u00e9ndolos part\u00edcipes.<\/p>\n<h4 class=\"sow-sub-headline\">\u00a0<\/h4>\n<span class=\"scroll-to\" data-label=\"Scroll to: #individualization\" data-bullet=\"true\" data-link=\"#individualization\" data-title=\"individualization\"><a name=\"individualization\"><\/a><\/span>\n\n<p>\u00a0<\/p>\n<h2 class=\"sow-headline\"><span style=\"color: #47a3d1;\">Individualization<\/span><\/h2>\n<p>Gente con un talento fuerte en <em>Individualization<\/em> se muestran intrigados por las cualidades \u00fanicas de cada persona. No les gusta la generalidad y prestan atenci\u00f3n a las diferencias que tiene cada uno. Son agudos observadores de las aptitudes del otro pudiendo obtener el mejor de ellos.<\/p>\n<h4 class=\"sow-sub-headline\">\u00a0<\/h4>\n<span class=\"scroll-to\" data-label=\"Scroll to: #input\" data-bullet=\"true\" data-link=\"#input\" data-title=\"input\"><a name=\"input\"><\/a><\/span>\n\n<p>\u00a0<\/p>\n<h2 class=\"sow-headline\"><span style=\"color: #47a3d1;\">Input<\/span><\/h2>\n<p>Gente con un talento fuerte en <em>Input<\/em> tienen una necesidad de coleccionar y alcanzar. Puede que colecciona informaci\u00f3n, ideas, historias o incluso relaciones. El mundo es excitante por la gran variedad de cosas.<\/p>\n<h4 class=\"sow-sub-headline\">\u00a0<\/h4>\n<span class=\"scroll-to\" data-label=\"Scroll to: #intellection\" data-bullet=\"true\" data-link=\"#intellection\" data-title=\"intellection\"><a name=\"intellection\"><\/a><\/span>\n\n<p>\u00a0<\/p>\n<h2 class=\"sow-headline\"><span style=\"color: #47a3d1;\">Intellection<\/span><\/h2>\n<p>Gente con un talento fuerte en <em>Intellection<\/em> se caracterizan por su actividad intelectual. Son introspectivos, los gusta pensar y dedicar tiempo a la meditaci\u00f3n y reflexi\u00f3n. Aprecian las discusiones intelectuales.<\/p>\n<h4 class=\"sow-sub-headline\">\u00a0<\/h4>\n<span class=\"scroll-to\" data-label=\"Scroll to: #learner\" data-bullet=\"true\" data-link=\"#learner\" data-title=\"learner\"><a name=\"learner\"><\/a><\/span>\n\n<p>\u00a0<\/p>\n<h2 class=\"sow-headline\"><span style=\"color: #47a3d1;\">Learner<\/span><\/h2>\n<p>Gente con un talento fuerte en <em>Learner<\/em> tienen un gran deseo de aprender y continuamente quieren mejorar. En particular, lo que les excita es el proceso de aprendizaje, m\u00e1s que el resultado.<\/p>\n<h4 class=\"sow-sub-headline\">\u00a0<\/h4>\n<span class=\"scroll-to\" data-label=\"Scroll to: #maximizer\" data-bullet=\"true\" data-link=\"#maximizer\" data-title=\"maximizer\"><a name=\"maximizer\"><\/a><\/span>\n\n<p>\u00a0<\/p>\n<h2 class=\"sow-headline\"><span style=\"color: #47a3d1;\">Maximizer<\/span><\/h2>\n<p>Gente con un talento fuerte en <em>Maximizer<\/em> se focalizan en las fortalezas como una forma de estimular a las personas y la excelencia del grupo. Buscan transformar algo grande en algo supremo.<\/p>\n<h4 class=\"sow-sub-headline\">\u00a0<\/h4>\n<span class=\"scroll-to\" data-label=\"Scroll to: #positivity\" data-bullet=\"true\" data-link=\"#positivity\" data-title=\"positivity\"><a name=\"positivity\"><\/a><\/span>\n\n<p>\u00a0<\/p>\n<h2 class=\"sow-headline\"><span style=\"color: #47a3d1;\">Positivity<\/span><\/h2>\n<p>Gente con un talento fuerte en <em>Positivity<\/em> tienen un entusiasmo que se contagioso. Generosos en dar elogios, siempre ven el lado bueno de cada situaci\u00f3n. Tienen la capacidad de ilusionar a otros sobre lo que debe hacerse.<\/p>\n<h4 class=\"sow-sub-headline\">\u00a0<\/h4>\n<span class=\"scroll-to\" data-label=\"Scroll to: #relator\" data-bullet=\"true\" data-link=\"#relator\" data-title=\"relator\"><a name=\"relator\"><\/a><\/span>\n\n<p>\u00a0<\/p>\n<h2 class=\"sow-headline\"><span style=\"color: #47a3d1;\">Relator<\/span><\/h2>\n<p>Gente con un talento fuerte en <em>Relator<\/em> disfrutan de una relaci\u00f3n estrecha con los dem\u00e1s. La intimidad no les incomoda. Piensan que la amistad debe ser rec\u00edproca. Los satisface trabajar con amigos para alcanzar objetivos.<\/p>\n<h4 class=\"sow-sub-headline\">\u00a0<\/h4>\n<span class=\"scroll-to\" data-label=\"Scroll to: #responsibility\" data-bullet=\"true\" data-link=\"#responsibility\" data-title=\"responsibility\"><a name=\"responsibility\"><\/a><\/span>\n\n<p>\u00a0<\/p>\n<h2 class=\"sow-headline\"><span style=\"color: #47a3d1;\">Responsibility<\/span><\/h2>\n<p>Gente con un talento fuerte en <em>Responsibility<\/em> asumen el compromiso sobre lo que prometen y no descansan hasta conseguirlo. Est\u00e1n comprometidos con valores estables como la honestidad y lealtad.<\/p>\n<h4 class=\"sow-sub-headline\">\u00a0<\/h4>\n<span class=\"scroll-to\" data-label=\"Scroll to: #restorative\" data-bullet=\"true\" data-link=\"#restorative\" data-title=\"restorative\"><a name=\"restorative\"><\/a><\/span>\n\n<p>\u00a0<\/p>\n<h2 class=\"sow-headline\"><span style=\"color: #47a3d1;\">Restorative<\/span><\/h2>\n<p>Gente con un talento fuerte en <em>Restorative<\/em> son adeptos en lidiar con problemas. Les encanta el desaf\u00edo de analizar los s\u00edntomas, identificar d\u00f3nde est\u00e1 el mal y encontrar la soluci\u00f3n.<\/p>\n<h4 class=\"sow-sub-headline\">\u00a0<\/h4>\n<span class=\"scroll-to\" data-label=\"Scroll to: #self-assurance\" data-bullet=\"true\" data-link=\"#self-assurance\" data-title=\"self-assurance\"><a name=\"self-assurance\"><\/a><\/span>\n\n<p>\u00a0<\/p>\n<h2 class=\"sow-headline\"><span style=\"color: #47a3d1;\">Self-Assurance<\/span><\/h2>\n<p>Gente con un talento fuerte en <em>Self-Assurance<\/em> se sienten seguros de su habilidad de manejar su propia vida. Poseen un comp\u00e1s interno que les da la seguridad de que sus decisiones son las correctas. Tienen fe en sus instintos y saben que son capaces de asumir el riesgo.<\/p>\n<h4 class=\"sow-sub-headline\">\u00a0<\/h4>\n<span class=\"scroll-to\" data-label=\"Scroll to: #significance\" data-bullet=\"true\" data-link=\"#significance\" data-title=\"significance\"><a name=\"significance\"><\/a><\/span>\n\n<p>\u00a0<\/p>\n<h2 class=\"sow-headline\"><span style=\"color: #47a3d1;\">Significance<\/span><\/h2>\n<p>Gente con un talento fuerte en <em>Significance<\/em> desean ser reconocidos, escuchados y sobresalir. Necesitan ser reconocidos como una persona cre\u00edble, profesional y exitosa.<\/p>\n<h4 class=\"sow-sub-headline\">\u00a0<\/h4>\n<span class=\"scroll-to\" data-label=\"Scroll to: #strategic\" data-bullet=\"true\" data-link=\"#strategic\" data-title=\"strategic\"><a name=\"strategic\"><\/a><\/span>\n\n<p>\u00a0<\/p>\n<h2 class=\"sow-headline\"><span style=\"color: #47a3d1;\">Strategic<\/span><\/h2>\n<p>Gente con un talento fuerte en <em>Strategic<\/em> crean caminos alternativos entre infinitas posibilidades para proceder. Su proceso de pensamiento les permite destacar r\u00e1pidamente los hechos o patrones relevantes.<\/p>\n<h4 class=\"sow-sub-headline\">\u00a0<\/h4>\n<span class=\"scroll-to\" data-label=\"Scroll to: #woo\" data-bullet=\"true\" data-link=\"#woo\" data-title=\"woo\"><a name=\"woo\"><\/a><\/span>\n\n<p>\u00a0<\/p>\n<h2 class=\"sow-headline\"><span style=\"color: #47a3d1;\">Woo<\/span><\/h2>\n<p>Gente con un talento fuerte en <em>Woo<\/em> les gusta el reto de conocer gente nueva y gan\u00e1rselos. Les encanta entablar conversaciones con desconocidos. Obtienen una gran satisfacci\u00f3n en romper el hielo y crear conexiones con otras personas.<\/p>\n\n","protected":false},"excerpt":{"rendered":"","protected":false},"author":3,"featured_media":0,"parent":0,"menu_order":0,"comment_status":"closed","ping_status":"closed","template":"","meta":{"footnotes":""},"class_list":["post-1594","page","type-page","status-publish","hentry"],"_links":{"self":[{"href":"https:\/\/www.talenteamup.com\/es\/wp-json\/wp\/v2\/pages\/1594","targetHints":{"allow":["GET"]}}],"collection":[{"href":"https:\/\/www.talenteamup.com\/es\/wp-json\/wp\/v2\/pages"}],"about":[{"href":"https:\/\/www.talenteamup.com\/es\/wp-json\/wp\/v2\/types\/page"}],"author":[{"embeddable":true,"href":"https:\/\/www.talenteamup.com\/es\/wp-json\/wp\/v2\/users\/3"}],"replies":[{"embeddable":true,"href":"https:\/\/www.talenteamup.com\/es\/wp-json\/wp\/v2\/comments?post=1594"}],"version-history":[{"count":15,"href":"https:\/\/www.talenteamup.com\/es\/wp-json\/wp\/v2\/pages\/1594\/revisions"}],"predecessor-version":[{"id":1708,"href":"https:\/\/www.talenteamup.com\/es\/wp-json\/wp\/v2\/pages\/1594\/revisions\/1708"}],"wp:attachment":[{"href":"https:\/\/www.talenteamup.com\/es\/wp-json\/wp\/v2\/media?parent=1594"}],"curies":[{"name":"wp","href":"https:\/\/api.w.org\/{rel}","templated":true}]}}